{"id":13,"date":"2009-01-11T01:38:27","date_gmt":"2009-01-10T23:38:27","guid":{"rendered":"http:\/\/eimoe.spektermedia.net\/?page_id=13"},"modified":"2013-12-28T03:45:18","modified_gmt":"2013-12-28T02:45:18","slug":"kontakt","status":"publish","type":"page","link":"https:\/\/eigil.me\/blog\/kontakt","title":{"rendered":"kontakt"},"content":{"rendered":"<h2>\u00d8nsker du \u00e5 komme i kontakt med meg?<\/h2>\n<h3>I de sosiale medier finner du meg her:<\/h3>\n<p><a title=\"Twitter\" href=\"https:\/\/twitter.com\/eimoe\" rel=\"external\">twitter.com\/eimoe<\/a><br \/>\n<a title=\"Facebook\" href=\"https:\/\/facebook.com\/eigilmoe\" rel=\"external\"> facebook.com\/eigilmoe<\/a><br \/>\n<a title=\"Google+\" href=\"https:\/\/gplus.to\/eimoe\" rel=\"external\"> gplus.to\/eimoe<\/a><br \/>\n<a title=\"LinkedIn\" href=\"https:\/\/linkedin.com\/in\/eigilmoe\" rel=\"external\"> linkedin.com\/in\/eigilmoe<\/a><\/p>\n<p>Det finnes ogs\u00e5 andre m\u00e5ter du kan komme kontakt med meg p\u00e5:<\/p>\n<p>E-post: 1(snabel-a)eigil.biz.<br \/>\nTel: +47 92 42 09 50.<br \/>\nSkype: eigilmoe<\/p>\n","protected":false},"excerpt":{"rendered":"<p>\u00d8nsker du \u00e5 komme i kontakt med meg? I de sosiale medier finner du meg her: twitter.com\/eimoe facebook.com\/eigilmoe gplus.to\/eimoe linkedin.com\/in\/eigilmoe Det finnes ogs\u00e5 andre m\u00e5ter du kan komme kontakt med meg p\u00e5: E-post: 1(snabel-a)eigil.biz. Tel: +47 92 42 09 50. Skype: eigilmoe<\/p>\n","protected":false},"author":1,"featured_media":0,"parent":0,"menu_order":30,"comment_status":"open","ping_status":"open","template":"kontakt.php","meta":{"footnotes":""},"class_list":["post-13","page","type-page","status-publish","hentry"],"aioseo_notices":[],"_links":{"self":[{"href":"https:\/\/eigil.me\/blog\/wp-json\/wp\/v2\/pages\/13","targetHints":{"allow":["GET"]}}],"collection":[{"href":"https:\/\/eigil.me\/blog\/wp-json\/wp\/v2\/pages"}],"about":[{"href":"https:\/\/eigil.me\/blog\/wp-json\/wp\/v2\/types\/page"}],"author":[{"embeddable":true,"href":"https:\/\/eigil.me\/blog\/wp-json\/wp\/v2\/users\/1"}],"replies":[{"embeddable":true,"href":"https:\/\/eigil.me\/blog\/wp-json\/wp\/v2\/comments?post=13"}],"version-history":[{"count":12,"href":"https:\/\/eigil.me\/blog\/wp-json\/wp\/v2\/pages\/13\/revisions"}],"predecessor-version":[{"id":3849,"href":"https:\/\/eigil.me\/blog\/wp-json\/wp\/v2\/pages\/13\/revisions\/3849"}],"wp:attachment":[{"href":"https:\/\/eigil.me\/blog\/wp-json\/wp\/v2\/media?parent=13"}],"curies":[{"name":"wp","href":"https:\/\/api.w.org\/{rel}","templated":true}]}}