{"id":16,"date":"2009-01-11T00:38:53","date_gmt":"2009-01-10T23:38:53","guid":{"rendered":"http:\/\/eimoe.spektermedia.net\/?page_id=16"},"modified":"2012-01-22T19:05:21","modified_gmt":"2012-01-22T18:05:21","slug":"arkivet","status":"publish","type":"page","link":"https:\/\/eigil.me\/blog\/arkivet","title":{"rendered":"Arkivet"},"content":{"rendered":"<h2>Her kan du finne frem til samtlige artikler som er skrevet!<\/h2>\n<p>Du kan enten sortere ut artiklene basert p\u00e5 hvilken kategori du \u00f8nsker \u00e5 lese fra, eller velge basert p\u00e5 overskriftene til artiklene.<\/p>\n","protected":false},"excerpt":{"rendered":"<p>Her kan du finne frem til samtlige artikler som er skrevet! Du kan enten sortere ut artiklene basert p\u00e5 hvilken kategori du \u00f8nsker \u00e5 lese fra, eller velge basert p\u00e5 overskriftene til artiklene.<\/p>\n","protected":false},"author":1,"featured_media":0,"parent":0,"menu_order":50,"comment_status":"closed","ping_status":"closed","template":"archives.php","meta":{"footnotes":""},"class_list":["post-16","page","type-page","status-publish","hentry"],"aioseo_notices":[],"_links":{"self":[{"href":"https:\/\/eigil.me\/blog\/wp-json\/wp\/v2\/pages\/16","targetHints":{"allow":["GET"]}}],"collection":[{"href":"https:\/\/eigil.me\/blog\/wp-json\/wp\/v2\/pages"}],"about":[{"href":"https:\/\/eigil.me\/blog\/wp-json\/wp\/v2\/types\/page"}],"author":[{"embeddable":true,"href":"https:\/\/eigil.me\/blog\/wp-json\/wp\/v2\/users\/1"}],"replies":[{"embeddable":true,"href":"https:\/\/eigil.me\/blog\/wp-json\/wp\/v2\/comments?post=16"}],"version-history":[{"count":2,"href":"https:\/\/eigil.me\/blog\/wp-json\/wp\/v2\/pages\/16\/revisions"}],"predecessor-version":[{"id":3527,"href":"https:\/\/eigil.me\/blog\/wp-json\/wp\/v2\/pages\/16\/revisions\/3527"}],"wp:attachment":[{"href":"https:\/\/eigil.me\/blog\/wp-json\/wp\/v2\/media?parent=16"}],"curies":[{"name":"wp","href":"https:\/\/api.w.org\/{rel}","templated":true}]}}