{"id":7,"date":"2009-01-11T00:33:00","date_gmt":"2009-01-10T23:33:00","guid":{"rendered":"http:\/\/eimoe.spektermedia.net\/?page_id=7"},"modified":"2012-01-22T18:53:29","modified_gmt":"2012-01-22T17:53:29","slug":"informasjon","status":"publish","type":"page","link":"https:\/\/eigil.me\/blog\/informasjon","title":{"rendered":"Om eigil"},"content":{"rendered":"<h2>Dette nettstedet er Eigil Moes personlig blogg og nettside.<\/h2>\n<p>Jeg synes det er kult at du har tatt turen inn hit, til akkurat min side.<\/p>\n<p>Mitt navn er Eigil Moe og jeg er f\u00f8dt og oppvokst i <a title=\"Drammen\" href=\"https:\/\/www.drammen.no\/\" rel=\"external\">Drammen<\/a>. Jeg pendler s\u00e5nn mer eller mindre daglig inn til <a title=\"Oslo p\u00e5 WikiPedia\" href=\"https:\/\/no.wikipedia.org\/wiki\/Oslo\" rel=\"external\">Oslo<\/a>, hvor jeg jobber og driver mitt eget byr\u00e5, som heter <a title=\"Eimoe\" href=\"https:\/\/www.eimoe.no\" rel=\"external\">Eimoe<\/a>. Adressen er <a title=\"Henrik Ibsens Gate 100\" href=\"https:\/\/g.co\/maps\/th3b7\" rel=\"external\">Henrik Ibsens Gate 100<\/a>, i flotte lokaler. Tidligere bodde jeg i Oslo, mens jeg studerte p\u00e5 <a title=\"Institutt for informatikk\" href=\"https:\/\/www.ifi.uio.no\/\" rel=\"external\">ifi p\u00e5 Universitetet<\/a>. Senere flyttet jeg tilbake til Drammen igjen, hvor jeg jobbet hos <a title=\"Siteman AS\" href=\"https:\/\/www.siteman.no\" rel=\"external\">Siteman AS<\/a>, f\u00f8r jeg fikk tilbud om partnerskap i <a title=\"Spekter\" href=\"https:\/\/www.spekter.com\" rel=\"external\">Spekter<\/a>.<\/p>\n<p><a class=\"thickbox\" title=\"Eigil Moe\" href=\"https:\/\/eigil.me\/blog\/arkiv\/2011\/08\/eigil_moe.jpg\"><img loading=\"lazy\" decoding=\"async\" class=\"alignleft\" title=\"Eigil Moe\" src=\"https:\/\/eigil.me\/blog\/arkiv\/2011\/08\/eigil_moe-650x650.jpg\" alt=\"Eigil Moe\" width=\"650\" height=\"650\" \/><\/a><\/p>\n<h3>Webutvikling<\/h3>\n<p>Jeg er genuint interessert i hvordan internett ser ut. Jeg er genuint interessert i hva jeg utvikler p\u00e5 internett. En lidenskap, rett og slett. Ingenting gj\u00f8r meg mer &laquo;happy&raquo; enn web sider som er godt prosjektert. Det v\u00e6re seg med godt design, korrekt kode (f\u00f8lge anbefalinger fra <a title=\"World Wide Web Consortium (W3C)\" href=\"https:\/\/www.w3.org\/\" rel=\"external\">W3C<\/a> &#8211; <a title=\"Validert XHTML 1.0 Strict\" href=\"https:\/\/validator.w3.org\/check?uri=referer\" rel=\"external\">noe denne siden gj\u00f8r<\/a>) og en god brukeropplevelse.<\/p>\n<h4>Rock \u2018n\u2019 roll star<\/h4>\n<p>Jeg var tidligere vokalist i bandet <a title=\"Dead Sheriff\" href=\"https:\/\/www.deadsheriff.com\" rel=\"external\">Dead Sheriff<\/a>. Vi var et s\u00e5kalt hardrock band og holdt det g\u00e5ende i nesten 10 \u00e5r. I l\u00f8pet av denne perioden fikk vi spilt en del konserter rundt omkring og ga ut et par album p\u00e5 plateselskapene <a title=\"Voices Music &amp; Entertainment\" href=\"https:\/\/www.vme.no\/\" rel=\"external\">Facefront\/VME<\/a> og <a title=\"Dionysus Records\" href=\"https:\/\/www.dionysusrecords.com\" rel=\"external\">Dionysus Records<\/a>. <a title=\"Drammens Tidende\" href=\"https:\/\/www.dt.no\" rel=\"external\">Lokalposten i drammen<\/a> har dokumentert dette og et par utvalgte linker til dette har jeg <a title=\"Skryteliste\" href=\"\/musikk\/skryteliste\/\">samlet opp her<\/a>. Et par linker er det ogs\u00e5 til skriverier fra jeg dukket opp i media i forbindelse med <a title=\"Union Rock\" href=\"https:\/\/www.unionrock.no\" rel=\"external\">Union Rock<\/a> i Drammen, hvor jeg tidligere var bookingsjef.<\/p>\n<h5>Meninger\/Retningslinjer<\/h5>\n<p>Jeg kan til tider ha mange sterke meninger. Det er p\u00e5 ingen m\u00e5te meningen \u00e5 skade noen som ikke fortjener dette. F\u00f8ler du deg st\u00f8tt av noe jeg eller andre skriver her, beklager jeg dette, s\u00e5 <a href=\"\/kontakt\/\">gi meg gjerne beskjed om det<\/a>. Meninger som postes her er personlig og m\u00e5 under ingen omstendighet settes i sammenheng med min arbeidsgiver.<\/p>\n<p>H\u00e5per du liker bloggen og nettsida. Kommenter gjerne under saker om du har noe vettugt \u00e5 komme med eller bare for \u00e5 si takk eller hei. Kommentarer som ikke h\u00f8rer hjemme under et slikt forum, vil bli fjernet.<\/p>\n<h6>Twitter<\/h6>\n<p>Er du p\u00e5 Twitter? Det er jeg og jeg setter stor pris p\u00e5 om du f\u00f8lger meg. Jeg f\u00f8lger stort sett alle norske brukere som legger meg til, s\u00e5 sannsynligheten for at jeg kommer til \u00e5 f\u00f8lge deg ogs\u00e5, er meget stor.<br \/>\nG\u00e5 til: <a title=\"Eigil Moe - Twitter\" href=\"https:\/\/www.twitter.com\/eimoe\" rel=\"external\">twitter.com\/eimoe<\/a><\/p>\n","protected":false},"excerpt":{"rendered":"<p>Dette nettstedet er Eigil Moes personlig blogg og nettside. Jeg synes det er kult at du har tatt turen inn hit, til akkurat min side. Mitt navn er Eigil Moe og jeg er f\u00f8dt og oppvokst i Drammen. Jeg pendler s\u00e5nn mer eller mindre daglig inn til Oslo, hvor jeg jobber og driver mitt eget byr\u00e5, som heter Eimoe. Adressen er Henrik Ibsens Gate 100, i flotte lokaler. Tidligere bodde jeg i Oslo, mens jeg studerte p\u00e5 ifi p\u00e5 Universitetet. Senere flyttet jeg tilbake til Drammen igjen, hvor jeg jobbet hos Siteman AS, f\u00f8r jeg fikk tilbud om partnerskap i Spekter. Webutvikling Jeg er genuint interessert i hvordan internett ser ut. Jeg er genuint interessert i hva jeg utvikler p\u00e5 internett. En lidenskap, rett og slett. Ingenting gj\u00f8r meg mer &laquo;happy&raquo; enn web sider som er godt prosjektert. Det v\u00e6re seg med godt design, korrekt kode (f\u00f8lge anbefalinger fra W3C&hellip;<\/p>\n","protected":false},"author":1,"featured_media":0,"parent":0,"menu_order":10,"comment_status":"closed","ping_status":"closed","template":"","meta":{"footnotes":""},"class_list":["post-7","page","type-page","status-publish","hentry"],"aioseo_notices":[],"_links":{"self":[{"href":"https:\/\/eigil.me\/blog\/wp-json\/wp\/v2\/pages\/7","targetHints":{"allow":["GET"]}}],"collection":[{"href":"https:\/\/eigil.me\/blog\/wp-json\/wp\/v2\/pages"}],"about":[{"href":"https:\/\/eigil.me\/blog\/wp-json\/wp\/v2\/types\/page"}],"author":[{"embeddable":true,"href":"https:\/\/eigil.me\/blog\/wp-json\/wp\/v2\/users\/1"}],"replies":[{"embeddable":true,"href":"https:\/\/eigil.me\/blog\/wp-json\/wp\/v2\/comments?post=7"}],"version-history":[{"count":3,"href":"https:\/\/eigil.me\/blog\/wp-json\/wp\/v2\/pages\/7\/revisions"}],"predecessor-version":[{"id":3528,"href":"https:\/\/eigil.me\/blog\/wp-json\/wp\/v2\/pages\/7\/revisions\/3528"}],"wp:attachment":[{"href":"https:\/\/eigil.me\/blog\/wp-json\/wp\/v2\/media?parent=7"}],"curies":[{"name":"wp","href":"https:\/\/api.w.org\/{rel}","templated":true}]}}